{"id":483,"date":"2023-08-18T14:13:41","date_gmt":"2023-08-18T14:13:41","guid":{"rendered":"https:\/\/www.beizli-19.ch\/?page_id=483"},"modified":"2025-08-20T16:36:29","modified_gmt":"2025-08-20T16:36:29","slug":"news","status":"publish","type":"page","link":"https:\/\/www.beizli-19.ch\/index.php\/news\/","title":{"rendered":"NEWS"},"content":{"rendered":"\n<p class=\"has-text-align-center\" style=\"font-size:35px\">F\u00fcr Gruppen ab 10 Personen \u00f6ffnen wir auch ausserhalb den regul\u00e4ren \u00d6ffnungszeiten. <\/p>\n\n\n\n<p class=\"has-text-align-center\" style=\"font-size:35px\">Bitte kontaktieren Sie uns sodass wir etwas abmachen k\u00f6nnen.<\/p>\n\n\n\n<p class=\"has-text-align-center\" style=\"font-size:35px\">ankie.vroomen@beizli-19.ch oder per Telefon: +41 76 422 1559 <\/p>\n\n\n<div class=\"wp-block-image is-style-rounded\">\n<figure class=\"aligncenter size-large\"><img loading=\"lazy\" decoding=\"async\" width=\"576\" height=\"1024\" src=\"https:\/\/www.beizli-19.ch\/wp-content\/uploads\/2024\/05\/IMG20240513122630-576x1024.jpg\" alt=\"\" class=\"wp-image-573\" srcset=\"https:\/\/www.beizli-19.ch\/wp-content\/uploads\/2024\/05\/IMG20240513122630-576x1024.jpg 576w, https:\/\/www.beizli-19.ch\/wp-content\/uploads\/2024\/05\/IMG20240513122630-169x300.jpg 169w, https:\/\/www.beizli-19.ch\/wp-content\/uploads\/2024\/05\/IMG20240513122630-768x1365.jpg 768w, https:\/\/www.beizli-19.ch\/wp-content\/uploads\/2024\/05\/IMG20240513122630-864x1536.jpg 864w, https:\/\/www.beizli-19.ch\/wp-content\/uploads\/2024\/05\/IMG20240513122630-1152x2048.jpg 1152w, https:\/\/www.beizli-19.ch\/wp-content\/uploads\/2024\/05\/IMG20240513122630-1200x2133.jpg 1200w, https:\/\/www.beizli-19.ch\/wp-content\/uploads\/2024\/05\/IMG20240513122630-1980x3520.jpg 1980w, https:\/\/www.beizli-19.ch\/wp-content\/uploads\/2024\/05\/IMG20240513122630-scaled.jpg 1440w\" sizes=\"auto, (max-width: 576px) 100vw, 576px\" \/><\/figure>\n<\/div>\n\n\n<div class=\"wp-block-buttons is-layout-flex wp-block-buttons-is-layout-flex\">\n<div class=\"wp-block-button\"><a class=\"wp-block-button__link wp-element-button\" href=\"https:\/\/www.beizli-19.ch\/wp-content\/uploads\/2025\/06\/AUD-20250609-WA0005-1.mp3\">Beizli-19 Song<\/a><\/div>\n<\/div>\n\n\n\n<p><\/p>\n","protected":false},"excerpt":{"rendered":"<p>F\u00fcr Gruppen ab 10 Personen \u00f6ffnen wir auch ausserhalb den regul\u00e4ren \u00d6ffnungszeiten. Bitte kontaktieren Sie uns sodass wir etwas abmachen k\u00f6nnen. ankie.vroomen@beizli-19.ch oder per Telefon: +41 76 422 1559<\/p>\n","protected":false},"author":1,"featured_media":0,"parent":0,"menu_order":0,"comment_status":"closed","ping_status":"closed","template":"","meta":{"footnotes":""},"class_list":["post-483","page","type-page","status-publish","hentry"],"_links":{"self":[{"href":"https:\/\/www.beizli-19.ch\/index.php\/wp-json\/wp\/v2\/pages\/483","targetHints":{"allow":["GET"]}}],"collection":[{"href":"https:\/\/www.beizli-19.ch\/index.php\/wp-json\/wp\/v2\/pages"}],"about":[{"href":"https:\/\/www.beizli-19.ch\/index.php\/wp-json\/wp\/v2\/types\/page"}],"author":[{"embeddable":true,"href":"https:\/\/www.beizli-19.ch\/index.php\/wp-json\/wp\/v2\/users\/1"}],"replies":[{"embeddable":true,"href":"https:\/\/www.beizli-19.ch\/index.php\/wp-json\/wp\/v2\/comments?post=483"}],"version-history":[{"count":26,"href":"https:\/\/www.beizli-19.ch\/index.php\/wp-json\/wp\/v2\/pages\/483\/revisions"}],"predecessor-version":[{"id":740,"href":"https:\/\/www.beizli-19.ch\/index.php\/wp-json\/wp\/v2\/pages\/483\/revisions\/740"}],"wp:attachment":[{"href":"https:\/\/www.beizli-19.ch\/index.php\/wp-json\/wp\/v2\/media?parent=483"}],"curies":[{"name":"wp","href":"https:\/\/api.w.org\/{rel}","templated":true}]}}