{"id":5,"date":"2021-04-03T13:44:12","date_gmt":"2021-04-03T13:44:12","guid":{"rendered":"https:\/\/www.beizli-19.ch\/?page_id=5"},"modified":"2025-11-12T11:05:20","modified_gmt":"2025-11-12T11:05:20","slug":"create-your-website-with-blocks","status":"publish","type":"page","link":"https:\/\/www.beizli-19.ch\/","title":{"rendered":"Beizli-19 in Hemishofen"},"content":{"rendered":"\n<pre class=\"wp-block-preformatted has-accent-color has-text-color has-link-color has-normal-font-size wp-elements-5571da0e68b770505a2835c239d2facb\"><em><strong>Wichtige Info<\/strong>: Wir werden im n\u00e4chsten Jahr (2026) einen Pause einlegen und somit das Beizli-19 nicht er\u00f6ffnen im Fr\u00fchling. F\u00fcr Anl\u00e4sse stehen wir gerne weiter zur Verf\u00fcgung. <\/em><\/pre>\n\n\n\n<div class=\"wp-block-buttons is-layout-flex wp-block-buttons-is-layout-flex\">\n<div class=\"wp-block-button\"><a class=\"wp-block-button__link wp-element-button\" href=\"https:\/\/www.beizli-19.ch\/wp-content\/uploads\/2025\/06\/AUD-20250609-WA0006.mp3\">ankie frank &#171;Beizli-19 Song<\/a><\/div>\n<\/div>\n\n\n\n<figure class=\"wp-block-image size-large is-resized\"><img loading=\"lazy\" decoding=\"async\" width=\"549\" height=\"1024\" src=\"https:\/\/www.beizli-19.ch\/wp-content\/uploads\/2023\/06\/ankie-frank-1-549x1024.jpg\" alt=\"\" class=\"wp-image-445\" style=\"width:609px;height:auto\" srcset=\"https:\/\/www.beizli-19.ch\/wp-content\/uploads\/2023\/06\/ankie-frank-1-549x1024.jpg 549w, https:\/\/www.beizli-19.ch\/wp-content\/uploads\/2023\/06\/ankie-frank-1-161x300.jpg 161w, https:\/\/www.beizli-19.ch\/wp-content\/uploads\/2023\/06\/ankie-frank-1-768x1432.jpg 768w, https:\/\/www.beizli-19.ch\/wp-content\/uploads\/2023\/06\/ankie-frank-1-824x1536.jpg 824w, https:\/\/www.beizli-19.ch\/wp-content\/uploads\/2023\/06\/ankie-frank-1.jpg 1080w\" sizes=\"auto, (max-width: 549px) 100vw, 549px\" \/><\/figure>\n\n\n\n<p class=\"has-text-align-left\">Liebe Alle,<br>Sie bei uns, im &#171;Beizli-19&#187; begr\u00fcssen zu d\u00fcrfen macht uns viel Spass und wir haben schon Bekanntschaft gemacht mit vielen netten Leuten. <br>Wir werden uns weiterhin sehr bem\u00fchen, ihren Aufenthalt sch\u00f6n zu gestalten und hoffen nat\u00fcrlich auf positive Reaktionen.<br>Schauen Sie doch mal auf unsere Getr\u00e4nke-Speisekarte.<br><br>Ankie und Frank Vroomen<\/p>\n\n\n\n<figure class=\"wp-block-image alignwide size-large\"><img loading=\"lazy\" decoding=\"async\" width=\"1024\" height=\"461\" src=\"https:\/\/www.beizli-19.ch\/wp-content\/uploads\/2021\/06\/8-1024x461.jpg\" alt=\"\" class=\"wp-image-242\" srcset=\"https:\/\/www.beizli-19.ch\/wp-content\/uploads\/2021\/06\/8-1024x461.jpg 1024w, https:\/\/www.beizli-19.ch\/wp-content\/uploads\/2021\/06\/8-300x135.jpg 300w, https:\/\/www.beizli-19.ch\/wp-content\/uploads\/2021\/06\/8-768x346.jpg 768w, https:\/\/www.beizli-19.ch\/wp-content\/uploads\/2021\/06\/8-1536x691.jpg 1536w, https:\/\/www.beizli-19.ch\/wp-content\/uploads\/2021\/06\/8-2048x922.jpg 2048w, https:\/\/www.beizli-19.ch\/wp-content\/uploads\/2021\/06\/8-1200x540.jpg 1200w, https:\/\/www.beizli-19.ch\/wp-content\/uploads\/2021\/06\/8-1980x891.jpg 1980w\" sizes=\"auto, (max-width: 1024px) 100vw, 1024px\" \/><\/figure>\n\n\n\n<figure class=\"wp-block-gallery has-nested-images columns-default is-cropped wp-block-gallery-1 is-layout-flex wp-block-gallery-is-layout-flex\">\n<figure class=\"wp-block-image size-large\"><img loading=\"lazy\" decoding=\"async\" width=\"461\" height=\"1024\" data-id=\"153\" src=\"https:\/\/www.beizli-19.ch\/wp-content\/uploads\/2021\/05\/2021-04-25-14.21.43-461x1024.jpg\" alt=\"\" class=\"wp-image-153\" srcset=\"https:\/\/www.beizli-19.ch\/wp-content\/uploads\/2021\/05\/2021-04-25-14.21.43-461x1024.jpg 461w, https:\/\/www.beizli-19.ch\/wp-content\/uploads\/2021\/05\/2021-04-25-14.21.43-135x300.jpg 135w, https:\/\/www.beizli-19.ch\/wp-content\/uploads\/2021\/05\/2021-04-25-14.21.43-768x1707.jpg 768w, https:\/\/www.beizli-19.ch\/wp-content\/uploads\/2021\/05\/2021-04-25-14.21.43-691x1536.jpg 691w, https:\/\/www.beizli-19.ch\/wp-content\/uploads\/2021\/05\/2021-04-25-14.21.43-922x2048.jpg 922w, https:\/\/www.beizli-19.ch\/wp-content\/uploads\/2021\/05\/2021-04-25-14.21.43-1200x2667.jpg 1200w, https:\/\/www.beizli-19.ch\/wp-content\/uploads\/2021\/05\/2021-04-25-14.21.43-1980x4400.jpg 1980w, https:\/\/www.beizli-19.ch\/wp-content\/uploads\/2021\/05\/2021-04-25-14.21.43-scaled.jpg 1152w\" sizes=\"auto, (max-width: 461px) 100vw, 461px\" \/><\/figure>\n\n\n\n<figure class=\"wp-block-image size-large\"><img loading=\"lazy\" decoding=\"async\" width=\"461\" height=\"1024\" data-id=\"453\" src=\"https:\/\/www.beizli-19.ch\/wp-content\/uploads\/2023\/06\/sprizz-461x1024.jpg\" alt=\"\" class=\"wp-image-453\" srcset=\"https:\/\/www.beizli-19.ch\/wp-content\/uploads\/2023\/06\/sprizz-461x1024.jpg 461w, https:\/\/www.beizli-19.ch\/wp-content\/uploads\/2023\/06\/sprizz-135x300.jpg 135w, https:\/\/www.beizli-19.ch\/wp-content\/uploads\/2023\/06\/sprizz-768x1707.jpg 768w, https:\/\/www.beizli-19.ch\/wp-content\/uploads\/2023\/06\/sprizz-691x1536.jpg 691w, https:\/\/www.beizli-19.ch\/wp-content\/uploads\/2023\/06\/sprizz-922x2048.jpg 922w, https:\/\/www.beizli-19.ch\/wp-content\/uploads\/2023\/06\/sprizz-1200x2667.jpg 1200w, https:\/\/www.beizli-19.ch\/wp-content\/uploads\/2023\/06\/sprizz-1980x4400.jpg 1980w, https:\/\/www.beizli-19.ch\/wp-content\/uploads\/2023\/06\/sprizz-scaled.jpg 1152w\" sizes=\"auto, (max-width: 461px) 100vw, 461px\" \/><\/figure>\n\n\n\n<figure class=\"wp-block-image size-large\"><img loading=\"lazy\" decoding=\"async\" width=\"461\" height=\"1024\" data-id=\"145\" src=\"https:\/\/www.beizli-19.ch\/wp-content\/uploads\/2021\/05\/2021-05-09-11.59.16-1-461x1024.jpg\" alt=\"\" class=\"wp-image-145\" srcset=\"https:\/\/www.beizli-19.ch\/wp-content\/uploads\/2021\/05\/2021-05-09-11.59.16-1-461x1024.jpg 461w, https:\/\/www.beizli-19.ch\/wp-content\/uploads\/2021\/05\/2021-05-09-11.59.16-1-135x300.jpg 135w, https:\/\/www.beizli-19.ch\/wp-content\/uploads\/2021\/05\/2021-05-09-11.59.16-1-768x1707.jpg 768w, https:\/\/www.beizli-19.ch\/wp-content\/uploads\/2021\/05\/2021-05-09-11.59.16-1-691x1536.jpg 691w, https:\/\/www.beizli-19.ch\/wp-content\/uploads\/2021\/05\/2021-05-09-11.59.16-1-922x2048.jpg 922w, https:\/\/www.beizli-19.ch\/wp-content\/uploads\/2021\/05\/2021-05-09-11.59.16-1-1200x2667.jpg 1200w, https:\/\/www.beizli-19.ch\/wp-content\/uploads\/2021\/05\/2021-05-09-11.59.16-1-1980x4400.jpg 1980w, https:\/\/www.beizli-19.ch\/wp-content\/uploads\/2021\/05\/2021-05-09-11.59.16-1-scaled.jpg 1152w\" sizes=\"auto, (max-width: 461px) 100vw, 461px\" \/><\/figure>\n\n\n\n<figure class=\"wp-block-image size-large\"><img loading=\"lazy\" decoding=\"async\" width=\"576\" height=\"1024\" data-id=\"574\" src=\"https:\/\/www.beizli-19.ch\/wp-content\/uploads\/2024\/05\/IMG20240513125348-576x1024.jpg\" alt=\"\" class=\"wp-image-574\" srcset=\"https:\/\/www.beizli-19.ch\/wp-content\/uploads\/2024\/05\/IMG20240513125348-576x1024.jpg 576w, https:\/\/www.beizli-19.ch\/wp-content\/uploads\/2024\/05\/IMG20240513125348-169x300.jpg 169w, https:\/\/www.beizli-19.ch\/wp-content\/uploads\/2024\/05\/IMG20240513125348-768x1365.jpg 768w, https:\/\/www.beizli-19.ch\/wp-content\/uploads\/2024\/05\/IMG20240513125348-864x1536.jpg 864w, https:\/\/www.beizli-19.ch\/wp-content\/uploads\/2024\/05\/IMG20240513125348-1152x2048.jpg 1152w, https:\/\/www.beizli-19.ch\/wp-content\/uploads\/2024\/05\/IMG20240513125348-1200x2133.jpg 1200w, https:\/\/www.beizli-19.ch\/wp-content\/uploads\/2024\/05\/IMG20240513125348-1980x3520.jpg 1980w, https:\/\/www.beizli-19.ch\/wp-content\/uploads\/2024\/05\/IMG20240513125348-scaled.jpg 1440w\" sizes=\"auto, (max-width: 576px) 100vw, 576px\" \/><\/figure>\n<\/figure>\n\n\n\n<p>&nbsp;<\/p>\n\n\n\n<p><\/p>\n","protected":false},"excerpt":{"rendered":"<p>Wichtige Info: Wir werden im n\u00e4chsten Jahr (2026) einen Pause einlegen und somit das Beizli-19 nicht er\u00f6ffnen im Fr\u00fchling. F\u00fcr Anl\u00e4sse stehen wir gerne weiter zur Verf\u00fcgung. Liebe Alle,Sie bei uns, im &#171;Beizli-19&#187; begr\u00fcssen zu d\u00fcrfen macht uns viel Spass und wir haben schon Bekanntschaft gemacht mit vielen netten Leuten. Wir werden uns weiterhin sehr [&hellip;]<\/p>\n","protected":false},"author":1,"featured_media":10,"parent":0,"menu_order":0,"comment_status":"closed","ping_status":"closed","template":"","meta":{"footnotes":""},"class_list":["post-5","page","type-page","status-publish","has-post-thumbnail","hentry"],"_links":{"self":[{"href":"https:\/\/www.beizli-19.ch\/index.php\/wp-json\/wp\/v2\/pages\/5","targetHints":{"allow":["GET"]}}],"collection":[{"href":"https:\/\/www.beizli-19.ch\/index.php\/wp-json\/wp\/v2\/pages"}],"about":[{"href":"https:\/\/www.beizli-19.ch\/index.php\/wp-json\/wp\/v2\/types\/page"}],"author":[{"embeddable":true,"href":"https:\/\/www.beizli-19.ch\/index.php\/wp-json\/wp\/v2\/users\/1"}],"replies":[{"embeddable":true,"href":"https:\/\/www.beizli-19.ch\/index.php\/wp-json\/wp\/v2\/comments?post=5"}],"version-history":[{"count":50,"href":"https:\/\/www.beizli-19.ch\/index.php\/wp-json\/wp\/v2\/pages\/5\/revisions"}],"predecessor-version":[{"id":763,"href":"https:\/\/www.beizli-19.ch\/index.php\/wp-json\/wp\/v2\/pages\/5\/revisions\/763"}],"wp:featuredmedia":[{"embeddable":true,"href":"https:\/\/www.beizli-19.ch\/index.php\/wp-json\/wp\/v2\/media\/10"}],"wp:attachment":[{"href":"https:\/\/www.beizli-19.ch\/index.php\/wp-json\/wp\/v2\/media?parent=5"}],"curies":[{"name":"wp","href":"https:\/\/api.w.org\/{rel}","templated":true}]}}